{"id":35,"date":"2018-12-15T13:44:47","date_gmt":"2018-12-15T12:44:47","guid":{"rendered":"https:\/\/www.terapiauzaleznien.katowice.pl\/?page_id=35"},"modified":"2018-12-15T15:56:23","modified_gmt":"2018-12-15T14:56:23","slug":"terapia-grupowa","status":"publish","type":"page","link":"https:\/\/www.terapiauzaleznien.katowice.pl\/index.php\/terapia-grupowa\/","title":{"rendered":"Terapia grupowa"},"content":{"rendered":"\n<figure class=\"wp-block-image\"><img loading=\"lazy\" decoding=\"async\" width=\"640\" height=\"360\" src=\"https:\/\/www.terapiauzaleznien.katowice.pl\/wp-content\/uploads\/2018\/12\/therapygroup.jpg\" alt=\"\" class=\"wp-image-89\" srcset=\"https:\/\/www.terapiauzaleznien.katowice.pl\/wp-content\/uploads\/2018\/12\/therapygroup.jpg 640w, https:\/\/www.terapiauzaleznien.katowice.pl\/wp-content\/uploads\/2018\/12\/therapygroup-300x169.jpg 300w\" sizes=\"auto, (max-width: 640px) 100vw, 640px\" \/><\/figure>\n\n\n\n<ul class=\"wp-block-list\"><li>Terapia grupowa &#8211; podstawowa<\/li><li>Terapia grupowa &#8211; pog\u0142\u0119biona<\/li><li>Grupa dalszego zdrowienia&nbsp;<\/li><li>Terapia nawrot\u00f3w choroby<\/li><\/ul>\n\n\n\n<p>Terapia grupowa to cykl spotka\u0144 terapeuty z grup\u0105 os\u00f3b, <br>kt\u00f3re \u0142\u0105czy podobny problem. <br>Opiera si\u0119 ona na relacjach mi\u0119dzy nimi.&nbsp;<br> Otwarte m\u00f3wienie o swoich problemach przy innych <br>osobach wymaga odwagi. Ponadto, pacjenci mog\u0105 mie\u0107 <br>poczucie, \u017ce terapeuta nie jest w pe\u0142ni zaanga\u017cowany <br>w ich leczenie, bo musi dzieli\u0107 swoj\u0105 uwag\u0119 na kilka os\u00f3b,<br>lecz jest to bardzo mylne i b\u0142\u0119dne poczucie.&nbsp;<br><br>Pozytywne cechy tego typu spotka\u0144 spotka\u0144 m.in. <br>&#8211; \u0142atwiejsze zaakceptowanie swojego problemu na tle grupy, <br>&#8211; wzmocnienie wiary w siebie, <br>&#8211; poczucie wsp\u00f3lnoty, <br>&#8211; odbudowanie w\u0142asnego poczucia warto\u015bci, <br>&#8211; dodatkowe wsparcie grupy<\/p>\n\n\n\n<p>Uczestnicy terapii grupowej maj\u0105 \u0142atwiej, <br>bo mog\u0105 korzysta\u0107 z rozwi\u0105za\u0144 proponowanych <br>przez innych uczestnik\u00f3w, a reakcje grupy na <br>indywidualne problemy mog\u0105 wywrze\u0107 <br>wi\u0119ksze wra\u017cenie na poszczeg\u00f3lnych osobach. <br>Warto\u015bci\u0105 dodan\u0105 jest to, \u017ce cz\u0142onkowie grupy <br>nie tylko uzyskuj\u0105 sami wsparcie od innych, <br>ale mog\u0105 r\u00f3wnie\u017c sami to wsparcie dawa\u0107, <br>co daje im poczucie bycia potrzebnym.<\/p>\n\n\n\n<p><\/p>\n","protected":false},"excerpt":{"rendered":"<p>Terapia grupowa &#8211; podstawowa Terapia grupowa &#8211; pog\u0142\u0119biona Grupa dalszego zdrowienia&nbsp; Terapia nawrot\u00f3w choroby Terapia grupowa to cykl spotka\u0144 terapeuty z grup\u0105 os\u00f3b, kt\u00f3re \u0142\u0105czy podobny problem. Opiera si\u0119 ona na relacjach mi\u0119dzy nimi.&nbsp; Otwarte m\u00f3wienie o swoich problemach przy innych osobach wymaga odwagi. Ponadto, pacjenci mog\u0105 mie\u0107 poczucie, \u017ce terapeuta nie jest w pe\u0142ni <a href=\"https:\/\/www.terapiauzaleznien.katowice.pl\/index.php\/terapia-grupowa\/\" rel=\"nofollow\"><span class=\"sr-only\">Read more about Terapia grupowa<\/span>[&hellip;]<\/a><\/p>\n","protected":false},"author":1,"featured_media":0,"parent":0,"menu_order":0,"comment_status":"closed","ping_status":"closed","template":"","meta":{"footnotes":""},"class_list":["post-35","page","type-page","status-publish","hentry"],"_links":{"self":[{"href":"https:\/\/www.terapiauzaleznien.katowice.pl\/index.php\/wp-json\/wp\/v2\/pages\/35","targetHints":{"allow":["GET"]}}],"collection":[{"href":"https:\/\/www.terapiauzaleznien.katowice.pl\/index.php\/wp-json\/wp\/v2\/pages"}],"about":[{"href":"https:\/\/www.terapiauzaleznien.katowice.pl\/index.php\/wp-json\/wp\/v2\/types\/page"}],"author":[{"embeddable":true,"href":"https:\/\/www.terapiauzaleznien.katowice.pl\/index.php\/wp-json\/wp\/v2\/users\/1"}],"replies":[{"embeddable":true,"href":"https:\/\/www.terapiauzaleznien.katowice.pl\/index.php\/wp-json\/wp\/v2\/comments?post=35"}],"version-history":[{"count":9,"href":"https:\/\/www.terapiauzaleznien.katowice.pl\/index.php\/wp-json\/wp\/v2\/pages\/35\/revisions"}],"predecessor-version":[{"id":91,"href":"https:\/\/www.terapiauzaleznien.katowice.pl\/index.php\/wp-json\/wp\/v2\/pages\/35\/revisions\/91"}],"wp:attachment":[{"href":"https:\/\/www.terapiauzaleznien.katowice.pl\/index.php\/wp-json\/wp\/v2\/media?parent=35"}],"curies":[{"name":"wp","href":"https:\/\/api.w.org\/{rel}","templated":true}]}}