{"id":31,"date":"2018-12-15T13:32:17","date_gmt":"2018-12-15T12:32:17","guid":{"rendered":"https:\/\/www.terapiauzaleznien.katowice.pl\/?page_id=31"},"modified":"2026-02-27T19:09:19","modified_gmt":"2026-02-27T18:09:19","slug":"o-mnie","status":"publish","type":"page","link":"https:\/\/www.terapiauzaleznien.katowice.pl\/index.php\/o-mnie\/","title":{"rendered":"O mnie"},"content":{"rendered":"\n<p class=\"has-text-align-left\"><br>Jestem certyfikowanym specjalist\u0105 <br>psychoterapii uzale\u017cnie\u0144 &#8211; <strong>NR CERTYFIKATU 1090<\/strong>.<br><br>Od 27 lat zajmuje si\u0119 terapi\u0105 uzale\u017cnie\u0144 <br>w prywatnym gabinecie w formie <br>terapii indywidualnej i grup terapeutycznych \u2013<br>Grupa podstawowa i grupa pog\u0142\u0119bionej terapii.<\/p>\n\n\n\n<p class=\"has-text-align-left\">Przesta\u0107 pi\u0107, \u0107pa\u0107 czy gra\u0107 to dopiero pocz\u0105tek drogi. <br>Potem\u00a0 trzeba co\u015b stale robi\u0107 ze swoim \u017cyciem <br>\u017ceby ju\u017c nigdy nie wr\u00f3ci\u0107 do na\u0142ogu.<br>W swojej pracy zawodowej korzystam <br>r\u00f3wnie\u017c z w\u0142asnych do\u015bwiadcze\u0144 w walce z na\u0142ogiem. <br>Nie pije , nie bior\u0119 ju\u017c od ponad 29 lat i przeszed\u0142em <br>swoj\u0105 w\u0142asn\u0105 terapi\u0119 uzale\u017cnie\u0144.<br>Czasami swoim pacjentom przytaczam <br>swoj\u0105 ulubion\u0105 histori\u0119 o motylu\u2026..<br>Oto ona\u2026.<\/p>\n\n\n\n<p class=\"has-text-align-center has-very-light-gray-background-color has-background\"><br><br>Do pewnej wioski mia\u0142 przyj\u015b\u0107 szaman <br>kt\u00f3ry potrafi\u0142 czyta\u0107 w ludzkich my\u015blach.<br>Kiedy si\u0119 o tym dowiedzia\u0142 dwunastoletni ch\u0142opiec, <br>to pomy\u015bla\u0142 sobie tak\u2026.<br>Zrobi\u0119 tego czarownika w konia\u2026.w taki spos\u00f3b \u017ce\u2026<br>z\u0142api\u0119 motyla i z\u0142o\u017ce go do d\u0142oni i przymkn\u0119 lekko d\u0142o\u0144 <br>i zapytam go co trzymam w d\u0142oni \u2026?<br>Je\u015bli on zgadnie \u017ce mam motyla, to zapytam&nbsp; go czy ten motyl \u017cyj\u0119\u2026?<br>Je\u015bli on odpowie \u017ce motyl \u017cyje to ja \u015bcisn\u0119 d\u0142o\u0144\u2026.<br>Je\u015bli on odpowie \u017ce motyl nie \u017cyje to ja otworz\u0119 d\u0142o\u0144 , <br>palce i motyl wyfrunie <br>Nast\u0119pnego dnia w wiosce na ryneczku zebrali si\u0119 ludzie, <br>czekaj\u0105c na szamana.<br>Kiedy si\u0119 tam pojawi\u0142, od razu podni\u00f3s\u0142 r\u0119k\u0119 <br>ten dwunastolatek i zapyta\u0142\u2026.<br>Je\u015bli Pan potrafi czyta\u0107 w ludzkich my\u015blach <br>to prosz\u0119 mi powiedzie\u0107, co ja trzymam w d\u0142oni ?<br>Szaman zamkn\u0105 oczy i odpowiedzia\u0142\u2026<br>Motyla ch\u0142opcze masz\u2026.<br>Tak\u2026?! <br>To prosz\u0119 mi odpowiedzie\u0107 czy ten motyl \u017cyj\u0119 ..? czy nie \u017cyje ?<br>Szaman zamkn\u0105 oczy , <br>po chwili odpowiedzia\u0142 \u2026.<br>Wszystko w Twoich r\u0119kach ch\u0142opcze<br>Wszystko w Twoich r\u0119kach \u2026\u2026\u2026.<br><strong>WSZYSTKO W WASZYCH R\u0118KACH !!!<br>To od Was zale\u017cy czy chcecie zmieni\u0107 swoje \u017cycie, na lepsze ,<br> bez na\u0142og\u00f3w\u2026Mog\u0119 Wam w tym pom\u00f3c\u2026<br>ZAPRASZAM <\/strong>\ud83d\ude09 <\/p>\n\n\n\n<p><\/p>\n\n\n<div class=\"wp-block-image\">\n<figure class=\"aligncenter is-resized\"><img loading=\"lazy\" decoding=\"async\" width=\"720\" height=\"960\" src=\"https:\/\/www.terapiauzaleznien.katowice.pl\/wp-content\/uploads\/2018\/12\/jozef2-1.jpg\" alt=\"\" class=\"wp-image-60\" style=\"width:360px;height:480px\" srcset=\"https:\/\/www.terapiauzaleznien.katowice.pl\/wp-content\/uploads\/2018\/12\/jozef2-1.jpg 720w, https:\/\/www.terapiauzaleznien.katowice.pl\/wp-content\/uploads\/2018\/12\/jozef2-1-225x300.jpg 225w\" sizes=\"auto, (max-width: 720px) 100vw, 720px\" \/><figcaption class=\"wp-element-caption\">J\u00f3zef Palasz , specjalista psychoterapii uzale\u017cnie\u0144<br><strong>tel. kom. 606 454 293<\/strong><\/figcaption><\/figure>\n<\/div>\n\n\n<p class=\"has-text-align-center\">Licznik Odwiedzin strony: <span class='visitors'>36712<\/span><\/p>\n","protected":false},"excerpt":{"rendered":"<p>Jestem certyfikowanym specjalist\u0105 psychoterapii uzale\u017cnie\u0144 &#8211; NR CERTYFIKATU 1090. Od 27 lat zajmuje si\u0119 terapi\u0105 uzale\u017cnie\u0144 w prywatnym gabinecie w formie terapii indywidualnej i grup terapeutycznych \u2013Grupa podstawowa i grupa pog\u0142\u0119bionej terapii. Przesta\u0107 pi\u0107, \u0107pa\u0107 czy gra\u0107 to dopiero pocz\u0105tek drogi. Potem\u00a0 trzeba co\u015b stale robi\u0107 ze swoim \u017cyciem \u017ceby ju\u017c nigdy nie wr\u00f3ci\u0107 do <a href=\"https:\/\/www.terapiauzaleznien.katowice.pl\/index.php\/o-mnie\/\" rel=\"nofollow\"><span class=\"sr-only\">Read more about O mnie<\/span>[&hellip;]<\/a><\/p>\n","protected":false},"author":1,"featured_media":0,"parent":0,"menu_order":0,"comment_status":"closed","ping_status":"closed","template":"","meta":{"footnotes":""},"class_list":["post-31","page","type-page","status-publish","hentry"],"_links":{"self":[{"href":"https:\/\/www.terapiauzaleznien.katowice.pl\/index.php\/wp-json\/wp\/v2\/pages\/31","targetHints":{"allow":["GET"]}}],"collection":[{"href":"https:\/\/www.terapiauzaleznien.katowice.pl\/index.php\/wp-json\/wp\/v2\/pages"}],"about":[{"href":"https:\/\/www.terapiauzaleznien.katowice.pl\/index.php\/wp-json\/wp\/v2\/types\/page"}],"author":[{"embeddable":true,"href":"https:\/\/www.terapiauzaleznien.katowice.pl\/index.php\/wp-json\/wp\/v2\/users\/1"}],"replies":[{"embeddable":true,"href":"https:\/\/www.terapiauzaleznien.katowice.pl\/index.php\/wp-json\/wp\/v2\/comments?post=31"}],"version-history":[{"count":17,"href":"https:\/\/www.terapiauzaleznien.katowice.pl\/index.php\/wp-json\/wp\/v2\/pages\/31\/revisions"}],"predecessor-version":[{"id":189,"href":"https:\/\/www.terapiauzaleznien.katowice.pl\/index.php\/wp-json\/wp\/v2\/pages\/31\/revisions\/189"}],"wp:attachment":[{"href":"https:\/\/www.terapiauzaleznien.katowice.pl\/index.php\/wp-json\/wp\/v2\/media?parent=31"}],"curies":[{"name":"wp","href":"https:\/\/api.w.org\/{rel}","templated":true}]}}