{"id":26,"date":"2018-12-15T13:29:11","date_gmt":"2018-12-15T12:29:11","guid":{"rendered":"https:\/\/www.terapiauzaleznien.katowice.pl\/?page_id=26"},"modified":"2018-12-15T16:03:17","modified_gmt":"2018-12-15T15:03:17","slug":"terapia-indywidualna","status":"publish","type":"page","link":"https:\/\/www.terapiauzaleznien.katowice.pl\/index.php\/terapia-indywidualna\/","title":{"rendered":"Terapia indywidualna"},"content":{"rendered":"\n<figure class=\"wp-block-image is-resized\"><img loading=\"lazy\" decoding=\"async\" src=\"https:\/\/www.terapiauzaleznien.katowice.pl\/wp-content\/uploads\/2018\/12\/indywidual_therapy-1024x683.jpg\" alt=\"\" class=\"wp-image-94\" width=\"640\" height=\"360\"\/><\/figure>\n\n\n\n<ul class=\"wp-block-list\"><li>Konsultacje indywidualne dla os\u00f3b uzale\u017cnionych i ich rodzin<\/li><li>Terapia indywidualna dla os\u00f3b uzale\u017cnionych i wsp\u00f3\u0142uzale\u017cnionych\u00a0<\/li><li>Interwencja kryzysowa<\/li><li>Terapia nawrot\u00f3w choroby<\/li><\/ul>\n\n\n\n<p>Terapia indywidualna opiera si\u0119 na bezpo\u015brednim <br>kontakcie terapeuty z pacjentem. <br>Buduj\u0105 oni wsp\u00f3ln\u0105 przestrze\u0144, <br>w obr\u0119bie kt\u00f3rej si\u0119 poruszaj\u0105 podczas terapii.<br>Na pocz\u0105tku terapeuta ustala wsp\u00f3lnie z pacjentem <br>tzw. kontrakt. Okre\u015bla on cz\u0119stotliwo\u015b\u0107 i czas trwania psychoterapii, <br>zasady jej prowadzenia oraz mo\u017cliwo\u015bci. <br>Najwi\u0119kszym atutem psychoterapii indywidualnej <br>jest skupienie si\u0119 na konkretnym problemie jednej osoby. <br>Nie ma tu miejsca na w\u0105tki poboczne, <br>dla terapeuty najwa\u017cniejszy jest ten jeden pacjent, <br>kt\u00f3remu po\u015bwi\u0119ca sw\u00f3j czas. <br>Terapeuta zna dobrze przemy\u015blenia i emocje, <br>wie czego si\u0119 spodziewa\u0107 po reakcji swojego pacjenta, <br>a przy tym atmosfera intymno\u015bci <br>sprzyja otwieraniu si\u0119 i budowaniu zaufania.<\/p>\n\n\n\n<p>Terapia\u00a0 indywidualna to forma pracy <br>przeciwstawna terapii grupowej. <br>Kontakt \u201eface to face\u201d polega na szczerej i <br>swobodnej rozmowie terapeutycznej <br>bez udzia\u0142u os\u00f3b trzecich.\u00a0<br>W terapii indywidualnej podkre\u015bla si\u0119, <br>\u017ce sam terapeuta jest narz\u0119dziem pracy, <br>a mo\u017cliwo\u015b\u0107 wyleczenia wynika z relacji terapeutycznej, <br>a wi\u0119c swoistej wi\u0119zi, jaka powstaje mi\u0119dzy <br>terapeut\u0105 a pacjentem podczas <strong>systematycznych spotka\u0144<\/strong>.<\/p>\n","protected":false},"excerpt":{"rendered":"<p>Konsultacje indywidualne dla os\u00f3b uzale\u017cnionych i ich rodzin Terapia indywidualna dla os\u00f3b uzale\u017cnionych i wsp\u00f3\u0142uzale\u017cnionych\u00a0 Interwencja kryzysowa Terapia nawrot\u00f3w choroby Terapia indywidualna opiera si\u0119 na bezpo\u015brednim kontakcie terapeuty z pacjentem. Buduj\u0105 oni wsp\u00f3ln\u0105 przestrze\u0144, w obr\u0119bie kt\u00f3rej si\u0119 poruszaj\u0105 podczas terapii.Na pocz\u0105tku terapeuta ustala wsp\u00f3lnie z pacjentem tzw. kontrakt. Okre\u015bla on cz\u0119stotliwo\u015b\u0107 i czas trwania <a href=\"https:\/\/www.terapiauzaleznien.katowice.pl\/index.php\/terapia-indywidualna\/\" rel=\"nofollow\"><span class=\"sr-only\">Read more about Terapia indywidualna<\/span>[&hellip;]<\/a><\/p>\n","protected":false},"author":1,"featured_media":0,"parent":0,"menu_order":0,"comment_status":"closed","ping_status":"closed","template":"","meta":{"footnotes":""},"class_list":["post-26","page","type-page","status-publish","hentry"],"_links":{"self":[{"href":"https:\/\/www.terapiauzaleznien.katowice.pl\/index.php\/wp-json\/wp\/v2\/pages\/26","targetHints":{"allow":["GET"]}}],"collection":[{"href":"https:\/\/www.terapiauzaleznien.katowice.pl\/index.php\/wp-json\/wp\/v2\/pages"}],"about":[{"href":"https:\/\/www.terapiauzaleznien.katowice.pl\/index.php\/wp-json\/wp\/v2\/types\/page"}],"author":[{"embeddable":true,"href":"https:\/\/www.terapiauzaleznien.katowice.pl\/index.php\/wp-json\/wp\/v2\/users\/1"}],"replies":[{"embeddable":true,"href":"https:\/\/www.terapiauzaleznien.katowice.pl\/index.php\/wp-json\/wp\/v2\/comments?post=26"}],"version-history":[{"count":9,"href":"https:\/\/www.terapiauzaleznien.katowice.pl\/index.php\/wp-json\/wp\/v2\/pages\/26\/revisions"}],"predecessor-version":[{"id":96,"href":"https:\/\/www.terapiauzaleznien.katowice.pl\/index.php\/wp-json\/wp\/v2\/pages\/26\/revisions\/96"}],"wp:attachment":[{"href":"https:\/\/www.terapiauzaleznien.katowice.pl\/index.php\/wp-json\/wp\/v2\/media?parent=26"}],"curies":[{"name":"wp","href":"https:\/\/api.w.org\/{rel}","templated":true}]}}