{"id":154,"date":"2026-02-20T20:57:48","date_gmt":"2026-02-20T19:57:48","guid":{"rendered":"https:\/\/www.terapiauzaleznien.katowice.pl\/?page_id=154"},"modified":"2026-02-20T21:17:35","modified_gmt":"2026-02-20T20:17:35","slug":"moja-ksiazka","status":"publish","type":"page","link":"https:\/\/www.terapiauzaleznien.katowice.pl\/index.php\/moja-ksiazka\/","title":{"rendered":"Moja ksi\u0105\u017cka"},"content":{"rendered":"\n<p class=\"has-text-align-left\">Jestem autorem jednej ksi\u0105\u017cki oraz obecnie pracuj\u0119 nad kolejn\u0105 publikacj\u0105. <br>Serdecznie zapraszam do zapoznania si\u0119 z moj\u0105 tw\u00f3rczo\u015bci\u0105 oraz do zakupu ksi\u0105\u017cki poprzez link zamieszczony poni\u017cej<\/p>\n\n\n\n<figure class=\"wp-block-gallery has-nested-images columns-default is-cropped wp-block-gallery-1 is-layout-flex wp-block-gallery-is-layout-flex\">\n<figure class=\"wp-block-image size-full is-style-default\"><img loading=\"lazy\" decoding=\"async\" width=\"1536\" height=\"2048\" data-id=\"155\" src=\"https:\/\/www.terapiauzaleznien.katowice.pl\/wp-content\/uploads\/2026\/02\/IMG-20260219-WA0003.jpg\" alt=\"\" class=\"wp-image-155\" srcset=\"https:\/\/www.terapiauzaleznien.katowice.pl\/wp-content\/uploads\/2026\/02\/IMG-20260219-WA0003.jpg 1536w, https:\/\/www.terapiauzaleznien.katowice.pl\/wp-content\/uploads\/2026\/02\/IMG-20260219-WA0003-225x300.jpg 225w, https:\/\/www.terapiauzaleznien.katowice.pl\/wp-content\/uploads\/2026\/02\/IMG-20260219-WA0003-768x1024.jpg 768w, https:\/\/www.terapiauzaleznien.katowice.pl\/wp-content\/uploads\/2026\/02\/IMG-20260219-WA0003-1152x1536.jpg 1152w\" sizes=\"auto, (max-width: 1536px) 100vw, 1536px\" \/><\/figure>\n\n\n\n<figure class=\"wp-block-image size-full is-style-default\"><img loading=\"lazy\" decoding=\"async\" width=\"1536\" height=\"2048\" data-id=\"156\" src=\"https:\/\/www.terapiauzaleznien.katowice.pl\/wp-content\/uploads\/2026\/02\/IMG-20260219-WA0004.jpg\" alt=\"\" class=\"wp-image-156\" srcset=\"https:\/\/www.terapiauzaleznien.katowice.pl\/wp-content\/uploads\/2026\/02\/IMG-20260219-WA0004.jpg 1536w, https:\/\/www.terapiauzaleznien.katowice.pl\/wp-content\/uploads\/2026\/02\/IMG-20260219-WA0004-225x300.jpg 225w, https:\/\/www.terapiauzaleznien.katowice.pl\/wp-content\/uploads\/2026\/02\/IMG-20260219-WA0004-768x1024.jpg 768w, https:\/\/www.terapiauzaleznien.katowice.pl\/wp-content\/uploads\/2026\/02\/IMG-20260219-WA0004-1152x1536.jpg 1152w\" sizes=\"auto, (max-width: 1536px) 100vw, 1536px\" \/><\/figure>\n<\/figure>\n\n\n\n<p><\/p>\n\n\n\n<p class=\"has-text-align-left has-medium-font-size\">Link do zakupu ksi\u0105\u017cki <br><br><a href=\"https:\/\/ridero.eu\/pl\/books\/nigdy_nie_trac_nadziei\/\">>> <strong>Nigdy nie tra\u0107 nadziei. &#8211; J\u00f3zef Palasz<\/strong> &lt;&lt;<\/a><br><\/p>\n","protected":false},"excerpt":{"rendered":"<p>Jestem autorem jednej ksi\u0105\u017cki oraz obecnie pracuj\u0119 nad kolejn\u0105 publikacj\u0105. Serdecznie zapraszam do zapoznania si\u0119 z moj\u0105 tw\u00f3rczo\u015bci\u0105 oraz do zakupu ksi\u0105\u017cki poprzez link zamieszczony poni\u017cej Link do zakupu ksi\u0105\u017cki >> Nigdy nie tra\u0107 nadziei. &#8211; J\u00f3zef Palasz &lt;&lt;<\/p>\n","protected":false},"author":1,"featured_media":0,"parent":0,"menu_order":0,"comment_status":"closed","ping_status":"closed","template":"","meta":{"footnotes":""},"class_list":["post-154","page","type-page","status-publish","hentry"],"_links":{"self":[{"href":"https:\/\/www.terapiauzaleznien.katowice.pl\/index.php\/wp-json\/wp\/v2\/pages\/154","targetHints":{"allow":["GET"]}}],"collection":[{"href":"https:\/\/www.terapiauzaleznien.katowice.pl\/index.php\/wp-json\/wp\/v2\/pages"}],"about":[{"href":"https:\/\/www.terapiauzaleznien.katowice.pl\/index.php\/wp-json\/wp\/v2\/types\/page"}],"author":[{"embeddable":true,"href":"https:\/\/www.terapiauzaleznien.katowice.pl\/index.php\/wp-json\/wp\/v2\/users\/1"}],"replies":[{"embeddable":true,"href":"https:\/\/www.terapiauzaleznien.katowice.pl\/index.php\/wp-json\/wp\/v2\/comments?post=154"}],"version-history":[{"count":20,"href":"https:\/\/www.terapiauzaleznien.katowice.pl\/index.php\/wp-json\/wp\/v2\/pages\/154\/revisions"}],"predecessor-version":[{"id":183,"href":"https:\/\/www.terapiauzaleznien.katowice.pl\/index.php\/wp-json\/wp\/v2\/pages\/154\/revisions\/183"}],"wp:attachment":[{"href":"https:\/\/www.terapiauzaleznien.katowice.pl\/index.php\/wp-json\/wp\/v2\/media?parent=154"}],"curies":[{"name":"wp","href":"https:\/\/api.w.org\/{rel}","templated":true}]}}